{"id":142,"date":"2023-12-03T15:56:49","date_gmt":"2023-12-03T15:56:49","guid":{"rendered":"https:\/\/bydebbym.ch\/?page_id=142"},"modified":"2023-12-03T16:05:32","modified_gmt":"2023-12-03T16:05:32","slug":"datenschutzerklaerung","status":"publish","type":"page","link":"https:\/\/bydebbym.ch\/?page_id=142","title":{"rendered":"Datenschutzerkl\u00e4rung"},"content":{"rendered":"\n<p>Debora Messerli<br>Alpbachstrasse 16<br>3860 Meiringen<br>Schweiz<br><strong>E-Mail<\/strong>: info@bydebbym.ch<\/p>\n\n\n\n<p><strong>Vertretungsberechtigte Personen<\/strong><br>Debora Messerli<\/p>\n\n\n\n<p><strong>Name des Unternehmens<\/strong>: Debora Messerli<\/p>\n\n\n\n<p><strong>Datenschutzbeauftragte Person:<\/strong><br>Debora Messerli<br>0797882445<br>info@bydebbym.ch<\/p>\n\n\n\n<p><strong>Allgemeines \/ Einleitung<\/strong><br>Gest\u00fctzt auf Artikel 13 der Schweizerischen Bundesverfassung und die datenschutzrechtlichen Bestimmungen des Bundes (Datenschutzgesetz, DSG) hat jede Person Anspruch auf Schutz ihrer Privatsph\u00e4re sowie auf Schutz vor Missbrauch ihrer pers\u00f6nlichen Daten. Die Betreiber dieser Seiten nehmen den Schutz Ihrer pers\u00f6nlichen Daten sehr ernst. Wir behandeln Ihre personenbezogenen Daten vertraulich und entsprechend der gesetzlichen Datenschutzvorschriften sowie dieser Datenschutzerkl\u00e4rung.<\/p>\n\n\n\n<p>In Zusammenarbeit mit unseren Hosting-Providern bem\u00fchen wir uns, die Datenbanken so gut wie m\u00f6glich vor unberechtigtem Zugriff, Verlust, Missbrauch oder Verf\u00e4lschung zu sch\u00fctzen.<\/p>\n\n\n\n<p>Wir weisen darauf hin, dass die Daten\u00fcbertragung im Internet (z.B. bei der Kommunikation per E-Mail) Sicherheitsl\u00fccken aufweisen kann. Ein l\u00fcckenloser Schutz der Daten vor dem Zugriff durch Dritte ist nicht m\u00f6glich.<\/p>\n\n\n\n<p>Durch die Nutzung dieser Website erkl\u00e4ren Sie sich mit der Erhebung, Verarbeitung und Nutzung von Daten gem\u00e4ss der nachfolgenden Beschreibung einverstanden. Diese Website kann grunds\u00e4tzlich ohne Registrierung besucht werden. Daten wie aufgerufene Seiten oder Namen von aufgerufenen Dateien, Datum und Uhrzeit werden zu statistischen Zwecken auf dem Server gespeichert, ohne dass diese Daten unmittelbar auf Ihre Person bezogen werden. Soweit auf unseren Seiten personenbezogene Daten (beispielsweise Name, Anschrift oder eMail-Adressen) erhoben werden, erfolgt dies, soweit m\u00f6glich, stets auf freiwilliger Basis. Diese Daten werden ohne Ihre ausdr\u00fcckliche Zustimmung nicht an Dritte weitergegeben.<\/p>\n\n\n\n<p><strong>Haftungsausschluss<\/strong><br>Der Autor \u00fcbernimmt keine Gew\u00e4hr f\u00fcr die Richtigkeit, Genauigkeit, Aktualit\u00e4t, Zuverl\u00e4ssigkeit und Vollst\u00e4ndigkeit der Informationen.<br>Haftungsanspr\u00fcche gegen den Autor wegen Sch\u00e4den materieller oder immaterieller Art, die aus dem Zugriff oder der Nutzung bzw. Nichtnutzung der ver\u00f6ffentlichten Informationen, durch Missbrauch der Verbindung oder durch technische St\u00f6rungen entstanden sind, werden ausgeschlossen.<\/p>\n\n\n\n<p>Alle Angebote sind freibleibend. Der Autor beh\u00e4lt es sich ausdr\u00fccklich vor, Teile der Seiten oder das gesamte Angebot ohne gesonderte Ank\u00fcndigung zu ver\u00e4ndern, zu erg\u00e4nzen, zu l\u00f6schen oder die Ver\u00f6ffentlichung zeitweise oder endg\u00fcltig einzustellen.<\/p>\n","protected":false},"excerpt":{"rendered":"<p>Debora MesserliAlpbachstrasse 163860 MeiringenSchweizE-Mail: info@bydebbym.ch Vertretungsberechtigte PersonenDebora Messerli Name des Unternehmens: Debora Messerli Datenschutzbeauftragte Person:Debora Messerli0797882445info@bydebbym.ch Allgemeines \/ EinleitungGest\u00fctzt auf Artikel 13 der Schweizerischen Bundesverfassung und die datenschutzrechtlichen Bestimmungen des Bundes (Datenschutzgesetz, DSG) hat jede Person Anspruch auf Schutz ihrer Privatsph\u00e4re sowie auf Schutz vor Missbrauch ihrer pers\u00f6nlichen Daten. Die Betreiber dieser Seiten nehmen den&hellip; <a class=\"more-link\" href=\"https:\/\/bydebbym.ch\/?page_id=142\"><span class=\"screen-reader-text\">Datenschutzerkl\u00e4rung<\/span> weiterlesen<\/a><\/p>\n","protected":false},"author":1,"featured_media":0,"parent":0,"menu_order":0,"comment_status":"closed","ping_status":"closed","template":"","meta":{"footnotes":""},"class_list":["post-142","page","type-page","status-publish","hentry","entry"],"_links":{"self":[{"href":"https:\/\/bydebbym.ch\/index.php?rest_route=\/wp\/v2\/pages\/142","targetHints":{"allow":["GET"]}}],"collection":[{"href":"https:\/\/bydebbym.ch\/index.php?rest_route=\/wp\/v2\/pages"}],"about":[{"href":"https:\/\/bydebbym.ch\/index.php?rest_route=\/wp\/v2\/types\/page"}],"author":[{"embeddable":true,"href":"https:\/\/bydebbym.ch\/index.php?rest_route=\/wp\/v2\/users\/1"}],"replies":[{"embeddable":true,"href":"https:\/\/bydebbym.ch\/index.php?rest_route=%2Fwp%2Fv2%2Fcomments&post=142"}],"version-history":[{"count":3,"href":"https:\/\/bydebbym.ch\/index.php?rest_route=\/wp\/v2\/pages\/142\/revisions"}],"predecessor-version":[{"id":147,"href":"https:\/\/bydebbym.ch\/index.php?rest_route=\/wp\/v2\/pages\/142\/revisions\/147"}],"wp:attachment":[{"href":"https:\/\/bydebbym.ch\/index.php?rest_route=%2Fwp%2Fv2%2Fmedia&parent=142"}],"curies":[{"name":"wp","href":"https:\/\/api.w.org\/{rel}","templated":true}]}}