{"id":11,"date":"2022-04-10T09:42:27","date_gmt":"2022-04-10T09:42:27","guid":{"rendered":"http:\/\/bydebbym.ch\/?page_id=11"},"modified":"2023-12-03T16:15:30","modified_gmt":"2023-12-03T16:15:30","slug":"produkte","status":"publish","type":"page","link":"https:\/\/bydebbym.ch\/?page_id=11","title":{"rendered":"PRODUKTE"},"content":{"rendered":"\n<h1 class=\"wp-block-heading has-text-align-center\" style=\"font-size:60px;font-style:normal;font-weight:200\">PRODUKTE<\/h1>\n\n\n\n<hr class=\"wp-block-separator has-css-opacity aligncenter is-style-dots\"\/>\n\n\n\n<p class=\"has-text-align-center\">Grunds\u00e4tzlich ist fast alles Personalisierbar seien es Autos, Geschenkkarten, Laptop, Vorratsbeh\u00e4lter, Lunchboxen, Trinkflaschen etc.<\/p>\n\n\n\n<p class=\"has-text-align-center\">Die Aufkleber werden aus Vinylfolie hergestellt diese haftet auf Glas, Kunststoff, Holz, Papier, Metall etc.<\/p>\n\n\n\n<p class=\"has-text-align-center\">Die Folie ist nicht f\u00fcr den direkten Lebensmittelkontakt geeignet und ich empfehle Handw\u00e4sche. <\/p>\n\n\n\n<hr class=\"wp-block-separator has-css-opacity aligncenter is-style-dots\"\/>\n\n\n\n<h2 class=\"wp-block-heading has-text-align-center\">BABYGESCHENKE<\/h2>\n\n\n\n<figure class=\"wp-block-gallery has-nested-images columns-default is-cropped wp-block-gallery-1 is-layout-flex wp-block-gallery-is-layout-flex\">\n<figure class=\"wp-block-image alignfull size-large\"><img decoding=\"async\" data-id=\"126\" src=\"https:\/\/bydebbym.ch\/wp-content\/uploads\/2023\/07\/IMG_1431.jpg\" alt=\"\" class=\"wp-image-126\"\/><\/figure>\n\n\n\n<figure class=\"wp-block-image size-large\"><img decoding=\"async\" data-id=\"124\" src=\"https:\/\/bydebbym.ch\/wp-content\/uploads\/2023\/07\/IMG_0937.jpg\" alt=\"\" class=\"wp-image-124\"\/><\/figure>\n\n\n\n<figure class=\"wp-block-image size-large\"><img decoding=\"async\" data-id=\"125\" src=\"https:\/\/bydebbym.ch\/wp-content\/uploads\/2023\/07\/IMG_1479.jpg\" alt=\"\" class=\"wp-image-125\"\/><\/figure>\n\n\n\n<figure class=\"wp-block-image size-large\"><img loading=\"lazy\" decoding=\"async\" width=\"576\" height=\"1024\" data-id=\"129\" src=\"https:\/\/bydebbym.ch\/wp-content\/uploads\/2023\/07\/40512a9a-d7f9-4521-9fed-2e76fdf25c11-576x1024.jpg\" alt=\"\" class=\"wp-image-129\" srcset=\"https:\/\/bydebbym.ch\/wp-content\/uploads\/2023\/07\/40512a9a-d7f9-4521-9fed-2e76fdf25c11-576x1024.jpg 576w, https:\/\/bydebbym.ch\/wp-content\/uploads\/2023\/07\/40512a9a-d7f9-4521-9fed-2e76fdf25c11-169x300.jpg 169w, https:\/\/bydebbym.ch\/wp-content\/uploads\/2023\/07\/40512a9a-d7f9-4521-9fed-2e76fdf25c11-768x1365.jpg 768w, https:\/\/bydebbym.ch\/wp-content\/uploads\/2023\/07\/40512a9a-d7f9-4521-9fed-2e76fdf25c11-864x1536.jpg 864w, https:\/\/bydebbym.ch\/wp-content\/uploads\/2023\/07\/40512a9a-d7f9-4521-9fed-2e76fdf25c11.jpg 1152w\" sizes=\"auto, (max-width: 576px) 100vw, 576px\" \/><\/figure>\n<\/figure>\n\n\n\n<p class=\"has-text-align-center\">Diverse Geschenke zur Geburt, Taufe, Geburtstag etc.<\/p>\n\n\n\n<hr class=\"wp-block-separator has-alpha-channel-opacity is-style-dots\"\/>\n\n\n\n<h2 class=\"wp-block-heading has-text-align-center\">TRINKFLASCHEN<\/h2>\n\n\n\n<figure class=\"wp-block-gallery has-nested-images columns-default is-cropped wp-block-gallery-2 is-layout-flex wp-block-gallery-is-layout-flex\">\n<figure class=\"wp-block-image alignfull size-large\"><img loading=\"lazy\" decoding=\"async\" width=\"1042\" height=\"1388\" data-id=\"13\" src=\"https:\/\/bydebbym.ch\/wp-content\/uploads\/2022\/04\/image_editor_output_image-1494817093-1649236700661-edited.jpg\" alt=\"\" class=\"wp-image-13\"\/><\/figure>\n\n\n\n<figure class=\"wp-block-image size-large\"><img loading=\"lazy\" decoding=\"async\" width=\"767\" height=\"1024\" data-id=\"14\" src=\"https:\/\/bydebbym.ch\/wp-content\/uploads\/2022\/04\/img-20220316-wa0002-edited-1-767x1024.jpg\" alt=\"\" class=\"wp-image-14\" srcset=\"https:\/\/bydebbym.ch\/wp-content\/uploads\/2022\/04\/img-20220316-wa0002-edited-1-767x1024.jpg 767w, https:\/\/bydebbym.ch\/wp-content\/uploads\/2022\/04\/img-20220316-wa0002-edited-1-225x300.jpg 225w, https:\/\/bydebbym.ch\/wp-content\/uploads\/2022\/04\/img-20220316-wa0002-edited-1-768x1025.jpg 768w, https:\/\/bydebbym.ch\/wp-content\/uploads\/2022\/04\/img-20220316-wa0002-edited-1.jpg 1152w\" sizes=\"auto, (max-width: 767px) 100vw, 767px\" \/><\/figure>\n\n\n\n<figure class=\"wp-block-image size-large\"><img loading=\"lazy\" decoding=\"async\" width=\"772\" height=\"1024\" data-id=\"15\" src=\"https:\/\/bydebbym.ch\/wp-content\/uploads\/2022\/04\/image_editor_output_image-821950551-1649236677495.webp\" alt=\"\" class=\"wp-image-15\" srcset=\"https:\/\/bydebbym.ch\/wp-content\/uploads\/2022\/04\/image_editor_output_image-821950551-1649236677495.webp 772w, https:\/\/bydebbym.ch\/wp-content\/uploads\/2022\/04\/image_editor_output_image-821950551-1649236677495-226x300.webp 226w, https:\/\/bydebbym.ch\/wp-content\/uploads\/2022\/04\/image_editor_output_image-821950551-1649236677495-768x1019.webp 768w\" sizes=\"auto, (max-width: 772px) 100vw, 772px\" \/><\/figure>\n\n\n\n<figure class=\"wp-block-image size-large\"><img loading=\"lazy\" decoding=\"async\" width=\"766\" height=\"1024\" data-id=\"33\" src=\"https:\/\/bydebbym.ch\/wp-content\/uploads\/2022\/04\/image_editor_output_image-1616783517-1649236689617-edited-1-766x1024.jpg\" alt=\"\" class=\"wp-image-33\" srcset=\"https:\/\/bydebbym.ch\/wp-content\/uploads\/2022\/04\/image_editor_output_image-1616783517-1649236689617-edited-1-766x1024.jpg 766w, https:\/\/bydebbym.ch\/wp-content\/uploads\/2022\/04\/image_editor_output_image-1616783517-1649236689617-edited-1-225x300.jpg 225w, https:\/\/bydebbym.ch\/wp-content\/uploads\/2022\/04\/image_editor_output_image-1616783517-1649236689617-edited-1-768x1026.jpg 768w, https:\/\/bydebbym.ch\/wp-content\/uploads\/2022\/04\/image_editor_output_image-1616783517-1649236689617-edited-1.jpg 1071w\" sizes=\"auto, (max-width: 766px) 100vw, 766px\" \/><\/figure>\n<\/figure>\n\n\n\n<p class=\"has-text-align-center\">Diverse Trinkflachen mit Namen oder Motiven<\/p>\n\n\n\n<hr class=\"wp-block-separator has-css-opacity is-style-dots\"\/>\n\n\n\n<h2 class=\"wp-block-heading has-text-align-center\">Schl\u00fcsselanh\u00e4nger<\/h2>\n\n\n\n<div class=\"wp-block-columns is-layout-flex wp-container-core-columns-is-layout-9d6595d7 wp-block-columns-is-layout-flex\">\n<div class=\"wp-block-column is-layout-flow wp-block-column-is-layout-flow\" style=\"flex-basis:100%\">\n<figure class=\"wp-block-gallery has-nested-images columns-default is-cropped wp-block-gallery-3 is-layout-flex wp-block-gallery-is-layout-flex\">\n<figure class=\"wp-block-image alignfull size-large\"><img loading=\"lazy\" decoding=\"async\" width=\"1024\" height=\"713\" data-id=\"133\" src=\"https:\/\/bydebbym.ch\/wp-content\/uploads\/2023\/07\/IMG_2114-1024x713.jpg\" alt=\"\" class=\"wp-image-133\" srcset=\"https:\/\/bydebbym.ch\/wp-content\/uploads\/2023\/07\/IMG_2114-1024x713.jpg 1024w, https:\/\/bydebbym.ch\/wp-content\/uploads\/2023\/07\/IMG_2114-300x209.jpg 300w, https:\/\/bydebbym.ch\/wp-content\/uploads\/2023\/07\/IMG_2114-768x535.jpg 768w, https:\/\/bydebbym.ch\/wp-content\/uploads\/2023\/07\/IMG_2114.jpg 1179w\" sizes=\"auto, (max-width: 1024px) 100vw, 1024px\" \/><\/figure>\n\n\n\n<figure class=\"wp-block-image size-large\"><img decoding=\"async\" data-id=\"112\" src=\"https:\/\/bydebbym.ch\/wp-content\/uploads\/2022\/05\/IMG_20220313_185330-1.jpg\" alt=\"\" class=\"wp-image-112\"\/><\/figure>\n\n\n\n<figure class=\"wp-block-image size-large\"><img decoding=\"async\" data-id=\"111\" src=\"https:\/\/bydebbym.ch\/wp-content\/uploads\/2022\/05\/IMG_20220416_173901-1.jpg\" alt=\"\" class=\"wp-image-111\"\/><\/figure>\n<\/figure>\n<\/div>\n<\/div>\n\n\n\n<p class=\"has-text-align-center\">Schl\u00fcsselanh\u00e4nger Personalisiert mit Name oder Verwendungszweck aus verschiedenen Materialien<\/p>\n\n\n\n<hr class=\"wp-block-separator has-css-opacity is-style-dots\"\/>\n\n\n\n<h2 class=\"wp-block-heading has-text-align-center\">EINKAUFSTASCHEN<\/h2>\n\n\n\n<figure class=\"wp-block-gallery has-nested-images columns-default is-cropped wp-block-gallery-4 is-layout-flex wp-block-gallery-is-layout-flex\">\n<figure class=\"wp-block-image size-large\"><img loading=\"lazy\" decoding=\"async\" width=\"1024\" height=\"1003\" data-id=\"127\" src=\"https:\/\/bydebbym.ch\/wp-content\/uploads\/2023\/07\/IMG_2112-1024x1003.jpg\" alt=\"\" class=\"wp-image-127\" srcset=\"https:\/\/bydebbym.ch\/wp-content\/uploads\/2023\/07\/IMG_2112-1024x1003.jpg 1024w, https:\/\/bydebbym.ch\/wp-content\/uploads\/2023\/07\/IMG_2112-300x294.jpg 300w, https:\/\/bydebbym.ch\/wp-content\/uploads\/2023\/07\/IMG_2112-768x752.jpg 768w, https:\/\/bydebbym.ch\/wp-content\/uploads\/2023\/07\/IMG_2112.jpg 1179w\" sizes=\"auto, (max-width: 1024px) 100vw, 1024px\" \/><\/figure>\n\n\n\n<figure class=\"wp-block-image size-large\"><img decoding=\"async\" data-id=\"128\" src=\"https:\/\/bydebbym.ch\/wp-content\/uploads\/2023\/07\/IMG_1741.jpg\" alt=\"\" class=\"wp-image-128\"\/><\/figure>\n\n\n\n<figure class=\"wp-block-image size-large\"><img loading=\"lazy\" decoding=\"async\" width=\"576\" height=\"1024\" data-id=\"110\" src=\"https:\/\/bydebbym.ch\/wp-content\/uploads\/2022\/05\/IMG_20220501_195549_715-576x1024.webp\" alt=\"\" class=\"wp-image-110\" srcset=\"https:\/\/bydebbym.ch\/wp-content\/uploads\/2022\/05\/IMG_20220501_195549_715-576x1024.webp 576w, https:\/\/bydebbym.ch\/wp-content\/uploads\/2022\/05\/IMG_20220501_195549_715-169x300.webp 169w, https:\/\/bydebbym.ch\/wp-content\/uploads\/2022\/05\/IMG_20220501_195549_715-768x1365.webp 768w, https:\/\/bydebbym.ch\/wp-content\/uploads\/2022\/05\/IMG_20220501_195549_715-864x1536.webp 864w, https:\/\/bydebbym.ch\/wp-content\/uploads\/2022\/05\/IMG_20220501_195549_715.webp 1080w\" sizes=\"auto, (max-width: 576px) 100vw, 576px\" \/><\/figure>\n<\/figure>\n\n\n\n<p class=\"has-text-align-center\">Einkaufstaschen personalisiert mit Motiv, Spruch oder Namen<\/p>\n\n\n\n<hr class=\"wp-block-separator has-alpha-channel-opacity is-style-dots\"\/>\n\n\n\n<h2 class=\"wp-block-heading has-text-align-center\">BEH\u00c4LTER<\/h2>\n\n\n\n<figure class=\"wp-block-gallery has-nested-images columns-default is-cropped wp-block-gallery-5 is-layout-flex wp-block-gallery-is-layout-flex\">\n<figure class=\"wp-block-image size-full\"><img loading=\"lazy\" decoding=\"async\" width=\"787\" height=\"1023\" data-id=\"29\" src=\"https:\/\/bydebbym.ch\/wp-content\/uploads\/2022\/04\/image_editor_output_image-2108446130-1649236866305-1.webp\" alt=\"\" class=\"wp-image-29\" srcset=\"https:\/\/bydebbym.ch\/wp-content\/uploads\/2022\/04\/image_editor_output_image-2108446130-1649236866305-1.webp 787w, https:\/\/bydebbym.ch\/wp-content\/uploads\/2022\/04\/image_editor_output_image-2108446130-1649236866305-1-231x300.webp 231w, https:\/\/bydebbym.ch\/wp-content\/uploads\/2022\/04\/image_editor_output_image-2108446130-1649236866305-1-768x998.webp 768w\" sizes=\"auto, (max-width: 787px) 100vw, 787px\" \/><\/figure>\n\n\n\n<figure class=\"wp-block-image size-large\"><img decoding=\"async\" data-id=\"61\" src=\"https:\/\/bydebbym.ch\/wp-content\/uploads\/2022\/04\/img_20220403_104620-2.jpg\" alt=\"\" class=\"wp-image-61\"\/><\/figure>\n\n\n\n<figure class=\"wp-block-image size-large\"><img decoding=\"async\" data-id=\"30\" src=\"https:\/\/bydebbym.ch\/wp-content\/uploads\/2022\/04\/img_20220401_184346-1.jpg\" alt=\"\" class=\"wp-image-30\"\/><\/figure>\n\n\n\n<figure class=\"wp-block-image size-large\"><img loading=\"lazy\" decoding=\"async\" width=\"1024\" height=\"769\" data-id=\"62\" src=\"https:\/\/bydebbym.ch\/wp-content\/uploads\/2022\/04\/image_editor_output_image167330400-1649236880017-edited-2-1024x769.jpg\" alt=\"\" class=\"wp-image-62\" srcset=\"https:\/\/bydebbym.ch\/wp-content\/uploads\/2022\/04\/image_editor_output_image167330400-1649236880017-edited-2-1024x769.jpg 1024w, https:\/\/bydebbym.ch\/wp-content\/uploads\/2022\/04\/image_editor_output_image167330400-1649236880017-edited-2-300x225.jpg 300w, https:\/\/bydebbym.ch\/wp-content\/uploads\/2022\/04\/image_editor_output_image167330400-1649236880017-edited-2-768x577.jpg 768w, https:\/\/bydebbym.ch\/wp-content\/uploads\/2022\/04\/image_editor_output_image167330400-1649236880017-edited-2.jpg 1068w\" sizes=\"auto, (max-width: 1024px) 100vw, 1024px\" \/><\/figure>\n<\/figure>\n\n\n\n<p class=\"has-text-align-center\">Beh\u00e4lter f\u00fcr diverses. Zum Beispiel Lebensmittel, Fremdw\u00e4hrung, Seife, Abwaschmittel ect.<\/p>\n\n\n\n<hr class=\"wp-block-separator has-css-opacity is-style-dots\"\/>\n\n\n\n<h2 class=\"wp-block-heading has-text-align-center\">FENSTERDEKO<\/h2>\n\n\n\n<figure class=\"wp-block-gallery has-nested-images columns-default is-cropped wp-block-gallery-6 is-layout-flex wp-block-gallery-is-layout-flex\">\n<figure class=\"wp-block-image size-large\"><img loading=\"lazy\" decoding=\"async\" width=\"1024\" height=\"787\" data-id=\"20\" src=\"https:\/\/bydebbym.ch\/wp-content\/uploads\/2022\/04\/image_editor_output_image-714706788-1649236978088.webp\" alt=\"\" class=\"wp-image-20\" srcset=\"https:\/\/bydebbym.ch\/wp-content\/uploads\/2022\/04\/image_editor_output_image-714706788-1649236978088.webp 1024w, https:\/\/bydebbym.ch\/wp-content\/uploads\/2022\/04\/image_editor_output_image-714706788-1649236978088-300x231.webp 300w, https:\/\/bydebbym.ch\/wp-content\/uploads\/2022\/04\/image_editor_output_image-714706788-1649236978088-768x590.webp 768w\" sizes=\"auto, (max-width: 1024px) 100vw, 1024px\" \/><\/figure>\n\n\n\n<figure class=\"wp-block-image size-large\"><img loading=\"lazy\" decoding=\"async\" width=\"756\" height=\"1023\" data-id=\"21\" src=\"https:\/\/bydebbym.ch\/wp-content\/uploads\/2022\/04\/image_editor_output_image2123106586-1649236962062.webp\" alt=\"\" class=\"wp-image-21\" srcset=\"https:\/\/bydebbym.ch\/wp-content\/uploads\/2022\/04\/image_editor_output_image2123106586-1649236962062.webp 756w, https:\/\/bydebbym.ch\/wp-content\/uploads\/2022\/04\/image_editor_output_image2123106586-1649236962062-222x300.webp 222w\" sizes=\"auto, (max-width: 756px) 100vw, 756px\" \/><\/figure>\n<\/figure>\n\n\n\n<p class=\"has-text-align-center\">Diverse Motive als Festerdeko<\/p>\n\n\n\n<hr class=\"wp-block-separator has-css-opacity is-style-dots\"\/>\n\n\n\n<h2 class=\"wp-block-heading has-text-align-center\">TISCHDEKO<\/h2>\n\n\n\n<figure class=\"wp-block-gallery has-nested-images columns-default is-cropped wp-block-gallery-7 is-layout-flex wp-block-gallery-is-layout-flex\">\n<figure class=\"wp-block-image size-large\"><img decoding=\"async\" data-id=\"75\" src=\"https:\/\/bydebbym.ch\/wp-content\/uploads\/2022\/04\/IMG_20220410_103351-3.jpg\" alt=\"\" class=\"wp-image-75\"\/><\/figure>\n\n\n\n<figure class=\"wp-block-image size-large\"><img decoding=\"async\" data-id=\"92\" src=\"https:\/\/bydebbym.ch\/wp-content\/uploads\/2022\/04\/IMG_20220411_200432-1.jpg\" alt=\"\" class=\"wp-image-92\"\/><\/figure>\n<\/figure>\n\n\n\n<p class=\"has-text-align-center\">Diverses als Tischdeko<\/p>\n\n\n\n<hr class=\"wp-block-separator has-css-opacity is-style-dots\"\/>\n\n\n\n<div class=\"wp-block-columns is-layout-flex wp-container-core-columns-is-layout-9d6595d7 wp-block-columns-is-layout-flex\">\n<div class=\"wp-block-column is-layout-flow wp-block-column-is-layout-flow\">\n<ul class=\"wp-block-social-links has-normal-icon-size margin-top-half is-content-justification-center is-layout-flex wp-container-core-social-links-is-layout-16018d1d wp-block-social-links-is-layout-flex\"><li class=\"wp-social-link wp-social-link-facebook  wp-block-social-link\"><a href=\"https:\/\/www.facebook.com\/Bydebbym\" class=\"wp-block-social-link-anchor\"><svg width=\"24\" height=\"24\" viewBox=\"0 0 24 24\" version=\"1.1\" xmlns=\"http:\/\/www.w3.org\/2000\/svg\" aria-hidden=\"true\" focusable=\"false\"><path d=\"M12 2C6.5 2 2 6.5 2 12c0 5 3.7 9.1 8.4 9.9v-7H7.9V12h2.5V9.8c0-2.5 1.5-3.9 3.8-3.9 1.1 0 2.2.2 2.2.2v2.5h-1.3c-1.2 0-1.6.8-1.6 1.6V12h2.8l-.4 2.9h-2.3v7C18.3 21.1 22 17 22 12c0-5.5-4.5-10-10-10z\"><\/path><\/svg><span class=\"wp-block-social-link-label screen-reader-text\">Facebook<\/span><\/a><\/li>\n\n<li class=\"wp-social-link wp-social-link-tiktok  wp-block-social-link\"><a href=\"https:\/\/www.tiktok.com\/@bydebbym\" class=\"wp-block-social-link-anchor\"><svg width=\"24\" height=\"24\" viewBox=\"0 0 32 32\" version=\"1.1\" xmlns=\"http:\/\/www.w3.org\/2000\/svg\" aria-hidden=\"true\" focusable=\"false\"><path d=\"M16.708 0.027c1.745-0.027 3.48-0.011 5.213-0.027 0.105 2.041 0.839 4.12 2.333 5.563 1.491 1.479 3.6 2.156 5.652 2.385v5.369c-1.923-0.063-3.855-0.463-5.6-1.291-0.76-0.344-1.468-0.787-2.161-1.24-0.009 3.896 0.016 7.787-0.025 11.667-0.104 1.864-0.719 3.719-1.803 5.255-1.744 2.557-4.771 4.224-7.88 4.276-1.907 0.109-3.812-0.411-5.437-1.369-2.693-1.588-4.588-4.495-4.864-7.615-0.032-0.667-0.043-1.333-0.016-1.984 0.24-2.537 1.495-4.964 3.443-6.615 2.208-1.923 5.301-2.839 8.197-2.297 0.027 1.975-0.052 3.948-0.052 5.923-1.323-0.428-2.869-0.308-4.025 0.495-0.844 0.547-1.485 1.385-1.819 2.333-0.276 0.676-0.197 1.427-0.181 2.145 0.317 2.188 2.421 4.027 4.667 3.828 1.489-0.016 2.916-0.88 3.692-2.145 0.251-0.443 0.532-0.896 0.547-1.417 0.131-2.385 0.079-4.76 0.095-7.145 0.011-5.375-0.016-10.735 0.025-16.093z\" \/><\/svg><span class=\"wp-block-social-link-label screen-reader-text\">TikTok<\/span><\/a><\/li>\n\n<li class=\"wp-social-link wp-social-link-etsy  wp-block-social-link\"><a href=\"https:\/\/www.etsy.com\/ch\/shop\/byDebbyM\" class=\"wp-block-social-link-anchor\"><svg width=\"24\" height=\"24\" viewBox=\"0 0 24 24\" version=\"1.1\" xmlns=\"http:\/\/www.w3.org\/2000\/svg\" aria-hidden=\"true\" focusable=\"false\"><path d=\"M9.16033,4.038c0-.27174.02717-.43478.48913-.43478h6.22283c1.087,0,1.68478.92391,2.11957,2.663l.35326,1.38587h1.05978C19.59511,3.712,19.75815,2,19.75815,2s-2.663.29891-4.23913.29891h-7.962L3.29076,2.163v1.1413L4.731,3.57609c1.00543.19022,1.25.40761,1.33152,1.33152,0,0,.08152,2.71739.08152,7.20109s-.08152,7.17391-.08152,7.17391c0,.81522-.32609,1.11413-1.33152,1.30435l-1.44022.27174V22l4.2663-.13587h7.11957c1.60326,0,5.32609.13587,5.32609.13587.08152-.97826.625-5.40761.70652-5.89674H19.7038L18.644,18.52174c-.84239,1.90217-2.06522,2.038-3.42391,2.038H11.1712c-1.3587,0-2.01087-.54348-2.01087-1.712V12.65217s3.0163,0,3.99457.08152c.76087.05435,1.22283.27174,1.46739,1.33152l.32609,1.413h1.16848l-.08152-3.55978.163-3.587H15.02989l-.38043,1.57609c-.24457,1.03261-.40761,1.22283-1.46739,1.33152-1.38587.13587-4.02174.1087-4.02174.1087Z\"><\/path><\/svg><span class=\"wp-block-social-link-label screen-reader-text\">Etsy<\/span><\/a><\/li>\n\n<li class=\"wp-social-link wp-social-link-instagram  wp-block-social-link\"><a href=\"https:\/\/www.instagram.com\/bydebbym\/\" class=\"wp-block-social-link-anchor\"><svg width=\"24\" height=\"24\" viewBox=\"0 0 24 24\" version=\"1.1\" xmlns=\"http:\/\/www.w3.org\/2000\/svg\" aria-hidden=\"true\" focusable=\"false\"><path d=\"M12,4.622c2.403,0,2.688,0.009,3.637,0.052c0.877,0.04,1.354,0.187,1.671,0.31c0.42,0.163,0.72,0.358,1.035,0.673 c0.315,0.315,0.51,0.615,0.673,1.035c0.123,0.317,0.27,0.794,0.31,1.671c0.043,0.949,0.052,1.234,0.052,3.637 s-0.009,2.688-0.052,3.637c-0.04,0.877-0.187,1.354-0.31,1.671c-0.163,0.42-0.358,0.72-0.673,1.035 c-0.315,0.315-0.615,0.51-1.035,0.673c-0.317,0.123-0.794,0.27-1.671,0.31c-0.949,0.043-1.233,0.052-3.637,0.052 s-2.688-0.009-3.637-0.052c-0.877-0.04-1.354-0.187-1.671-0.31c-0.42-0.163-0.72-0.358-1.035-0.673 c-0.315-0.315-0.51-0.615-0.673-1.035c-0.123-0.317-0.27-0.794-0.31-1.671C4.631,14.688,4.622,14.403,4.622,12 s0.009-2.688,0.052-3.637c0.04-0.877,0.187-1.354,0.31-1.671c0.163-0.42,0.358-0.72,0.673-1.035 c0.315-0.315,0.615-0.51,1.035-0.673c0.317-0.123,0.794-0.27,1.671-0.31C9.312,4.631,9.597,4.622,12,4.622 M12,3 C9.556,3,9.249,3.01,8.289,3.054C7.331,3.098,6.677,3.25,6.105,3.472C5.513,3.702,5.011,4.01,4.511,4.511 c-0.5,0.5-0.808,1.002-1.038,1.594C3.25,6.677,3.098,7.331,3.054,8.289C3.01,9.249,3,9.556,3,12c0,2.444,0.01,2.751,0.054,3.711 c0.044,0.958,0.196,1.612,0.418,2.185c0.23,0.592,0.538,1.094,1.038,1.594c0.5,0.5,1.002,0.808,1.594,1.038 c0.572,0.222,1.227,0.375,2.185,0.418C9.249,20.99,9.556,21,12,21s2.751-0.01,3.711-0.054c0.958-0.044,1.612-0.196,2.185-0.418 c0.592-0.23,1.094-0.538,1.594-1.038c0.5-0.5,0.808-1.002,1.038-1.594c0.222-0.572,0.375-1.227,0.418-2.185 C20.99,14.751,21,14.444,21,12s-0.01-2.751-0.054-3.711c-0.044-0.958-0.196-1.612-0.418-2.185c-0.23-0.592-0.538-1.094-1.038-1.594 c-0.5-0.5-1.002-0.808-1.594-1.038c-0.572-0.222-1.227-0.375-2.185-0.418C14.751,3.01,14.444,3,12,3L12,3z M12,7.378 c-2.552,0-4.622,2.069-4.622,4.622S9.448,16.622,12,16.622s4.622-2.069,4.622-4.622S14.552,7.378,12,7.378z M12,15 c-1.657,0-3-1.343-3-3s1.343-3,3-3s3,1.343,3,3S13.657,15,12,15z M16.804,6.116c-0.596,0-1.08,0.484-1.08,1.08 s0.484,1.08,1.08,1.08c0.596,0,1.08-0.484,1.08-1.08S17.401,6.116,16.804,6.116z\"><\/path><\/svg><span class=\"wp-block-social-link-label screen-reader-text\">Instagram<\/span><\/a><\/li><\/ul>\n<\/div>\n\n\n\n<div class=\"wp-block-column is-layout-flow wp-block-column-is-layout-flow\">\n<div class=\"wp-block-buttons is-content-justification-center is-layout-flex wp-container-core-buttons-is-layout-16018d1d wp-block-buttons-is-layout-flex\">\n<div class=\"wp-block-button\"><a class=\"wp-block-button__link wp-element-button\" href=\"mailto:info@bydebbym.ch\">Kontaktiere mich<\/a><\/div>\n<\/div>\n<\/div>\n<\/div>\n\n\n\n<p><\/p>\n\n\n\n<p><\/p>\n","protected":false},"excerpt":{"rendered":"<p>PRODUKTE Grunds\u00e4tzlich ist fast alles Personalisierbar seien es Autos, Geschenkkarten, Laptop, Vorratsbeh\u00e4lter, Lunchboxen, Trinkflaschen etc. Die Aufkleber werden aus Vinylfolie hergestellt diese haftet auf Glas, Kunststoff, Holz, Papier, Metall etc. Die Folie ist nicht f\u00fcr den direkten Lebensmittelkontakt geeignet und ich empfehle Handw\u00e4sche. BABYGESCHENKE Diverse Geschenke zur Geburt, Taufe, Geburtstag etc. TRINKFLASCHEN Diverse Trinkflachen mit&hellip; <a class=\"more-link\" href=\"https:\/\/bydebbym.ch\/?page_id=11\"><span class=\"screen-reader-text\">PRODUKTE<\/span> weiterlesen<\/a><\/p>\n","protected":false},"author":1,"featured_media":0,"parent":2,"menu_order":0,"comment_status":"closed","ping_status":"closed","template":"","meta":{"footnotes":""},"class_list":["post-11","page","type-page","status-publish","hentry","entry"],"_links":{"self":[{"href":"https:\/\/bydebbym.ch\/index.php?rest_route=\/wp\/v2\/pages\/11","targetHints":{"allow":["GET"]}}],"collection":[{"href":"https:\/\/bydebbym.ch\/index.php?rest_route=\/wp\/v2\/pages"}],"about":[{"href":"https:\/\/bydebbym.ch\/index.php?rest_route=\/wp\/v2\/types\/page"}],"author":[{"embeddable":true,"href":"https:\/\/bydebbym.ch\/index.php?rest_route=\/wp\/v2\/users\/1"}],"replies":[{"embeddable":true,"href":"https:\/\/bydebbym.ch\/index.php?rest_route=%2Fwp%2Fv2%2Fcomments&post=11"}],"version-history":[{"count":12,"href":"https:\/\/bydebbym.ch\/index.php?rest_route=\/wp\/v2\/pages\/11\/revisions"}],"predecessor-version":[{"id":136,"href":"https:\/\/bydebbym.ch\/index.php?rest_route=\/wp\/v2\/pages\/11\/revisions\/136"}],"up":[{"embeddable":true,"href":"https:\/\/bydebbym.ch\/index.php?rest_route=\/wp\/v2\/pages\/2"}],"wp:attachment":[{"href":"https:\/\/bydebbym.ch\/index.php?rest_route=%2Fwp%2Fv2%2Fmedia&parent=11"}],"curies":[{"name":"wp","href":"https:\/\/api.w.org\/{rel}","templated":true}]}}